    {"id":25981,"date":"2025-09-23T16:16:23","date_gmt":"2025-09-23T14:16:23","guid":{"rendered":"https:\/\/ssmc.ro\/default-user-group\/"},"modified":"2025-10-04T22:37:25","modified_gmt":"2025-10-04T20:37:25","slug":"default-user-group","status":"publish","type":"page","link":"https:\/\/ssmc.ro\/en\/default-user-group\/","title":{"rendered":"Register User"},"content":{"rendered":"<div class=\"pmagic\">   \n    <!-----Form Starts----->\n    <div class=\"pg-group-box-wrap pg-group-reg-form pg-group-form-field-icon pm-dbfl\">\n        <form class=\"pmagic-form pm-dbfl\"\n              method=\"post\"\n              action=\"\"\n              id=\"pm_regform_9\"\n              name=\"pm_regform_9\"\n              onsubmit=\"return profile_magic_frontend_validation(this)\"\n              enctype=\"multipart\/form-data\" data-trp-original-action=\"\">\n\n            <input type=\"hidden\" name=\"pm_registration_nonce\" value=\"aad9a3909b\" \/>\n            <fieldset id=\"fieldset_11\"><legend>Registration<\/legend><div class=\"pmrow\">        \n        <div class=\"pm-col\">\n            <div class=\"pm-field-lable\">\n                  <span class=\"pm-form-field-icon\"><\/span>\n                <label for=\"first_name\">First name<sup class=\"pm_estric\">*<\/sup><\/label>\n            <\/div>\n            <div class=\"pm-field-input pm_required\">\n                <input title=\"\" type=\"text\" class=\"\" maxlength=\"50\" value=\"\" id=\"first_name\" name=\"first_name\" placeholder=\"Enter your first name\">\n                <div class=\"errortext\" style=\"display:none;\"><\/div>\n            <\/div>\n        <\/div>\n\n        <\/div><div class=\"pmrow\">        \n        <div class=\"pm-col\">\n            <div class=\"pm-field-lable\">\n                  <span class=\"pm-form-field-icon\"><\/span>\n                <label for=\"last_name\">Last Name<sup class=\"pm_estric\">*<\/sup><\/label>\n            <\/div>\n            <div class=\"pm-field-input pm_required\">\n                <input title=\"\" type=\"text\" class=\"\" maxlength=\"99\" value=\"\" id=\"last_name\" name=\"last_name\" placeholder=\"Enter your last name\">\n                <div class=\"errortext\" style=\"display:none;\"><\/div>\n            <\/div>\n        <\/div>\n\n        <\/div><div class=\"pmrow\">        \n        <div class=\"pm-col\">\n            <div class=\"pm-field-lable\">\n                <span class=\"pm-form-field-icon\"><\/span>\n                <label for=\"pm_field_36\">Study program<sup class=\"pm_estric\">*<\/sup><\/label>\n            <\/div>\n            <div class=\"pm-field-input pm_select_required\">\n                <select title=\"\" class=\"\" id=\"pm_field_36\" name=\"pm_field_36\">\n                                                <option value=\"Medicin\u0103 - Rom\u00e2n\u0103\" >Medicine - Romanian<\/option>\n                                                        <option value=\" Medicin\u0103 - ENGLISH\" > Medicine - ENGLISH<\/option>\n                                                        <option value=\" Stomatologie - Medicin\u0103 Dentar\u0103\" > Dentistry - Dental Medicine<\/option>\n                                                        <option value=\" Stomatologie - Tehnic\u0103 Dentar\u0103\" > Dentistry - Dental Technology<\/option>\n                                                        <option value=\" Farmacie - Farmacie\" > Pharmacy - Pharmacy<\/option>\n                                                        <option value=\" Farmacie - Cosmetic\u0103 medical\u0103 \u0219i tehnologia produsului cosmetic\" > Pharmacy - Medical cosmetics and cosmetic product technology<\/option>\n                                                        <option value=\" Asisten\u021b\u0103 Medical\u0103 - Asisten\u021b\u0103 medical\u0103 general\u0103\" > Medical Assistance - General Medical Assistance<\/option>\n                                                        <option value=\" Asisten\u021b\u0103 Medical\u0103 - Balneo-fizio-kinetoterapie\" > Medical Assistance - Balneo-physio-kinetotherapy<\/option>\n                                                        <option value=\" Asisten\u021b\u0103 Medical\u0103 - Radiologie \u0219i imagistic\u0103\" > Medical Assistance - Radiology and Imaging<\/option>\n                                                        <option value=\" Asisten\u021b\u0103 Medical\u0103 - Nutri\u021bie \u0219i dietetic\u0103\" > Medical Assistance - Nutrition and Dietetics<\/option>\n                                            <\/select>\n                <div class=\"errortext\" style=\"display:none;\"><\/div>\n            <\/div>\n        <\/div>\n        <\/div><div class=\"pmrow\">        \n        <div class=\"pm-col\">\n            <div class=\"pm-field-lable\">\n                <span class=\"pm-form-field-icon\"><\/span>\n                <label for=\"pm_field_37\">Year of studies START<sup class=\"pm_estric\">*<\/sup><\/label>\n            <\/div>\n            <div class=\"pm-field-input pm_select_required\">\n                <select title=\"\" class=\"\" id=\"pm_field_37\" name=\"pm_field_37\">\n                                                <option value=\"2025\" >2025<\/option>\n                                                        <option value=\" 2024\" > 2024<\/option>\n                                                        <option value=\" 2023\" > 2023<\/option>\n                                                        <option value=\" 2022\" > 2022<\/option>\n                                                        <option value=\" 2021\" > 2021<\/option>\n                                                        <option value=\" 2020\" > 2020<\/option>\n                                            <\/select>\n                <div class=\"errortext\" style=\"display:none;\"><\/div>\n            <\/div>\n        <\/div>\n        <\/div><div class=\"pmrow\">        \n        <div class=\"pm-col\">\n            <div class=\"pm-field-lable\">\n                <span class=\"pm-form-field-icon\"><\/span>\n                <label for=\"pm_field_38\">Year of Graduation<sup class=\"pm_estric\">*<\/sup><\/label>\n            <\/div>\n            <div class=\"pm-field-input pm_select_required\">\n                <select title=\"\" class=\"\" id=\"pm_field_38\" name=\"pm_field_38\">\n                                                <option value=\"2031\" >2031<\/option>\n                                                        <option value=\" 2030\" > 2030<\/option>\n                                                        <option value=\" 2029\" > 2029<\/option>\n                                                        <option value=\" 2028\" > 2028<\/option>\n                                                        <option value=\" 2027\" > 2027<\/option>\n                                                        <option value=\" 2026\" > 2026<\/option>\n                                            <\/select>\n                <div class=\"errortext\" style=\"display:none;\"><\/div>\n            <\/div>\n        <\/div>\n        <\/div><div class=\"pmrow\">        \n        <div class=\"pm-col\">\n            <div class=\"pm-field-lable\">\n                  <span class=\"pm-form-field-icon\"><\/span>\n                <label for=\"user_email\">E-mail<sup class=\"pm_estric\">*<\/sup><\/label>\n            <\/div>\n            <div class=\"pm-field-input pm_email pm_user_email pm_required\">\n                                        <input title=\"\" type=\"email\" class=\"\"  value=\"\" id=\"user_email\" name=\"user_email\" placeholder=\"\" onkeyup=\"pm_frontend_check_useremail('')\" onblur=\"pm_frontend_check_useremail('')\" >\n                                        <div class=\"errortext\" style=\"display:none;\"><\/div>\n                <div class=\"useremailerror\" style=\"display:none;\"><\/div>\n            <\/div>\n        <\/div>\n\n        <\/div><div class=\"pmrow\">        \n        <div class=\"pm-col\">\n            <div class=\"pm-field-lable\">\n                  <span class=\"pm-form-field-icon\"><\/span>\n                <label for=\"pm_field_29\">Phone<sup class=\"pm_estric\">*<\/sup><\/label>\n            <\/div>\n            <div class=\"pm-field-input pm_mobile_number pm_required\">              \n                <input type=\"text\" title=\"\" class=\"\" maxlength=\"15\" value=\"\" id=\"pm_field_29\" name=\"pm_field_29\" placeholder=\"Placeholder: 07xx xxx xxx\">\n                <div class=\"errortext\" style=\"display:none;\"><\/div>\n            <\/div>\n        <\/div>\n        <\/div><div class=\"pmrow\">        \n        <div class=\"pm-col\">\n            <div class=\"pm-field-lable\">\n                <span class=\"pm-form-field-icon\"><\/span>\n                <label for=\"pm_field_35\">Date of birth<sup class=\"pm_estric\">*<\/sup><\/label>\n            <\/div>\n            <div class=\"pm-field-input pm_datepicker pm_required\">              \n                <input type=\"text\" title=\"\" class=\"pm_calendar\" maxlength=\"\" value=\"\" id=\"pm_field_35\" name=\"pm_field_35\" placeholder=\"\">\n                <div class=\"errortext\" style=\"display:none;\"><\/div>\n            <\/div>\n        <\/div>\n        <\/div><div class=\"pmrow\">        \n\n\n        <div class=\"pm-col\">\n            <div class=\"pm-field-lable\">\n                  <span class=\"pm-form-field-icon\"><\/span>\n                <label for=\"pm_field_31\">Gender<sup class=\"pm_estric\">*<\/sup><\/label>\n            <\/div>\n            <div class=\"pm-field-input pm_radiorequired\">\n                <div class=\"pmradio pm_gender\">\n                    <div class=\"pm-radio-option\"><input title=\"\" type=\"radio\" class=\"\" id=\"pm_field_31\" name=\"pm_field_31\" value=\"Male\" > Male<\/div>\n                    <div class=\"pm-radio-option\"><input title=\"\" type=\"radio\" class=\"\" id=\"pm_field_31\" name=\"pm_field_31\" value=\"Female\" > Female<\/div>\n                    <div class=\"pm-radio-option\"><input title=\"\" type=\"radio\" class=\"\" id=\"pm_field_31\" name=\"pm_field_31\" value=\"Others\" > Others<\/div>\n                <\/div>\n                <div class=\"errortext\" style=\"display:none;\"><\/div>\n            <\/div>\n        <\/div>\n        <\/div><div class=\"pmrow\">        \n        <div class=\"pm-col\">\n            <div class=\"pm-field-lable\">\n                <span class=\"pm-form-field-icon\"><\/span>\n                <label for=\"user_pass\">Password<sup class=\"pm_estric\">*<\/sup><\/label>\n            <\/div>\n            <div class=\"pm-field-input pm_user_pass pm_required\">\n                <input title=\"Add a password\" type=\"password\" class=\"\" maxlength=\"\" value=\"\" id=\"user_pass\" name=\"user_pass\" placeholder=\"\">\n                <div class=\"errortext\" style=\"display:none;\"><\/div>\n            <\/div>\n        <\/div>\n\n        <\/div><div class=\"pmrow\">        \n        <div class=\"pm-col\">\n            <div class=\"pm-field-lable\">\n                <span class=\"pm-form-field-icon\"><\/span>\n                <label for=\"confirm_pass\">Check password<sup class=\"pm_estric\">*<\/sup><\/label>\n            <\/div>\n            <div class=\"pm-field-input pm_confirm_pass pm_required\">\n                <input title=\"\" type=\"password\" class=\"\" maxlength=\"\" value=\"\" id=\"confirm_pass\" name=\"confirm_pass\" placeholder=\"\">\n                <div class=\"errortext\" style=\"display:none;\"><\/div>\n            <\/div>\n        <\/div>\n        <\/div>    <p>Sign the contract:<\/p>\n    <canvas id=\"semnatura\" width=\"300\" height=\"100\" style=\"border:1px solid #000;\"><\/canvas>\n    <br>\n    <button type=\"button\" onclick=\"stergeSemnatura()\">Delete<\/button>\n\n    <!-- AICI e important -->\n    <input type=\"hidden\" name=\"semnatura_img\" id=\"semnatura_img\" \/>\n\n    <script>\n    let canvas = document.getElementById(\"semnatura\");\n    let ctx = canvas.getContext(\"2d\");\n    let drawing = false;\n\n    canvas.addEventListener(\"mousedown\", (e) => {\n      drawing = true;\n      ctx.beginPath();  \/\/ Aici \u00eencepi o nou\u0103 cale la fiecare desen nou\n      const rect = canvas.getBoundingClientRect();\n      ctx.moveTo(e.clientX - rect.left, e.clientY - rect.top);\n    });\n\n    canvas.addEventListener(\"mouseup\", () => {\n      drawing = false;\n    });\n\n    canvas.addEventListener(\"mousemove\", (e) => {\n      if (!drawing) return;\n      const rect = canvas.getBoundingClientRect();\n      ctx.lineWidth = 2;\n      ctx.lineTo(e.clientX - rect.left, e.clientY - rect.top);\n      ctx.stroke();\n    });\n\n    function stergeSemnatura() {\n      ctx.clearRect(0, 0, canvas.width, canvas.height);\n      ctx.beginPath();  \/\/ Resetezi path-ul dup\u0103 \u0219tergere\n    }\n\n    \/\/ Salveaz\u0103 semn\u0103tura \u00een c\u00e2mpul ascuns la trimiterea formularului\n    document.addEventListener('DOMContentLoaded', function () {\n      const form = document.querySelector('form');\n      if (!form) return;\n      form.addEventListener('submit', function () {\n        const semnaturaData = canvas.toDataURL(\"image\/png\");\n        document.getElementById(\"semnatura_img\").value = semnaturaData;\n      });\n    });\n    <\/script>\n    <div class=\"all_errors\" style=\"display:none;\"><\/div><\/fieldset>\n            <div class=\"buttonarea pm-full-width-container\">\n                <div class=\"all_errors\" style=\"display:none;\"><\/div>\n\n                     \n\n                \n                <input type=\"submit\"\n                       value=\"Submit\"\n                       name=\"reg_form_submit\">\n            <\/div>\n        <input type=\"hidden\" name=\"trp-form-language\" value=\"en\"\/><\/form>\n    <\/div>\n<\/div>\n\n\n\n<p><\/p>","protected":false},"excerpt":{"rendered":"","protected":false},"author":1,"featured_media":0,"parent":0,"menu_order":0,"comment_status":"closed","ping_status":"closed","template":"","meta":{"ocean_post_layout":"","ocean_both_sidebars_style":"","ocean_both_sidebars_content_width":0,"ocean_both_sidebars_sidebars_width":0,"ocean_sidebar":"","ocean_second_sidebar":"","ocean_disable_margins":"enable","ocean_add_body_class":"","ocean_shortcode_before_top_bar":"","ocean_shortcode_after_top_bar":"","ocean_shortcode_before_header":"","ocean_shortcode_after_header":"","ocean_has_shortcode":"","ocean_shortcode_after_title":"","ocean_shortcode_before_footer_widgets":"","ocean_shortcode_after_footer_widgets":"","ocean_shortcode_before_footer_bottom":"","ocean_shortcode_after_footer_bottom":"","ocean_display_top_bar":"default","ocean_display_header":"default","ocean_header_style":"","ocean_center_header_left_menu":"","ocean_custom_header_template":"","ocean_custom_logo":0,"ocean_custom_retina_logo":0,"ocean_custom_logo_max_width":0,"ocean_custom_logo_tablet_max_width":0,"ocean_custom_logo_mobile_max_width":0,"ocean_custom_logo_max_height":0,"ocean_custom_logo_tablet_max_height":0,"ocean_custom_logo_mobile_max_height":0,"ocean_header_custom_menu":"","ocean_menu_typo_font_family":"","ocean_menu_typo_font_subset":"","ocean_menu_typo_font_size":0,"ocean_menu_typo_font_size_tablet":0,"ocean_menu_typo_font_size_mobile":0,"ocean_menu_typo_font_size_unit":"px","ocean_menu_typo_font_weight":"","ocean_menu_typo_font_weight_tablet":"","ocean_menu_typo_font_weight_mobile":"","ocean_menu_typo_transform":"","ocean_menu_typo_transform_tablet":"","ocean_menu_typo_transform_mobile":"","ocean_menu_typo_line_height":0,"ocean_menu_typo_line_height_tablet":0,"ocean_menu_typo_line_height_mobile":0,"ocean_menu_typo_line_height_unit":"","ocean_menu_typo_spacing":0,"ocean_menu_typo_spacing_tablet":0,"ocean_menu_typo_spacing_mobile":0,"ocean_menu_typo_spacing_unit":"","ocean_menu_link_color":"","ocean_menu_link_color_hover":"","ocean_menu_link_color_active":"","ocean_menu_link_background":"","ocean_menu_link_hover_background":"","ocean_menu_link_active_background":"","ocean_menu_social_links_bg":"","ocean_menu_social_hover_links_bg":"","ocean_menu_social_links_color":"","ocean_menu_social_hover_links_color":"","ocean_disable_title":"default","ocean_disable_heading":"default","ocean_post_title":"","ocean_post_subheading":"","ocean_post_title_style":"","ocean_post_title_background_color":"","ocean_post_title_background":0,"ocean_post_title_bg_image_position":"","ocean_post_title_bg_image_attachment":"","ocean_post_title_bg_image_repeat":"","ocean_post_title_bg_image_size":"","ocean_post_title_height":0,"ocean_post_title_bg_overlay":0.5,"ocean_post_title_bg_overlay_color":"","ocean_disable_breadcrumbs":"default","ocean_breadcrumbs_color":"","ocean_breadcrumbs_separator_color":"","ocean_breadcrumbs_links_color":"","ocean_breadcrumbs_links_hover_color":"","ocean_display_footer_widgets":"default","ocean_display_footer_bottom":"default","ocean_custom_footer_template":"","omw_enable_modal_window":"enable","ofc_meta_disable_footer_callout":"","ofc_meta_callout_button_url":"","ofc_meta_callout_button_txt":"","ofc_meta_callout_text":"","ofc_enable_fullscreen":"disable","ofc_fullscreen_speed":0,"ofc_fullscreen_nav":"enable","ofc_fullscreen_nav_pos":"right","ofc_fullscreen_nav_color":"","ofc_fullscreen_nav_tooltip_color":"","ofc_fullscreen_responsive":0,"osp_disable_panel":"default","osh_disable_topbar_sticky":"default","osh_disable_header_sticky":"default","osh_sticky_header_style":"default","osh_sticky_header_effect":"","osh_custom_sticky_logo":0,"osh_custom_retina_sticky_logo":0,"osh_custom_sticky_logo_height":0,"osh_background_color":"","osh_links_color":"","osh_links_hover_color":"","osh_links_active_color":"","osh_links_bg_color":"","osh_links_hover_bg_color":"","osh_links_active_bg_color":"","osh_menu_social_links_color":"","osh_menu_social_hover_links_color":"","footnotes":""},"class_list":["post-25981","page","type-page","status-publish","hentry","entry","owp-thumbs-layout-horizontal","owp-btn-normal","owp-tabs-layout-horizontal","has-no-thumbnails","has-product-nav"],"_links":{"self":[{"href":"https:\/\/ssmc.ro\/en\/wp-json\/wp\/v2\/pages\/25981","targetHints":{"allow":["GET"]}}],"collection":[{"href":"https:\/\/ssmc.ro\/en\/wp-json\/wp\/v2\/pages"}],"about":[{"href":"https:\/\/ssmc.ro\/en\/wp-json\/wp\/v2\/types\/page"}],"author":[{"embeddable":true,"href":"https:\/\/ssmc.ro\/en\/wp-json\/wp\/v2\/users\/1"}],"replies":[{"embeddable":true,"href":"https:\/\/ssmc.ro\/en\/wp-json\/wp\/v2\/comments?post=25981"}],"version-history":[{"count":5,"href":"https:\/\/ssmc.ro\/en\/wp-json\/wp\/v2\/pages\/25981\/revisions"}],"predecessor-version":[{"id":26205,"href":"https:\/\/ssmc.ro\/en\/wp-json\/wp\/v2\/pages\/25981\/revisions\/26205"}],"wp:attachment":[{"href":"https:\/\/ssmc.ro\/en\/wp-json\/wp\/v2\/media?parent=25981"}],"curies":[{"name":"wp","href":"https:\/\/api.w.org\/{rel}","templated":true}]}}