    {"id":26298,"date":"2025-10-05T17:46:19","date_gmt":"2025-10-05T15:46:19","guid":{"rendered":"https:\/\/ssmc.ro\/?page_id=26298"},"modified":"2025-10-05T17:46:20","modified_gmt":"2025-10-05T15:46:20","slug":"grup-voluntari-neaprobati","status":"publish","type":"page","link":"https:\/\/ssmc.ro\/en\/grup-voluntari-neaprobati\/","title":{"rendered":"Grup voluntari neaproba\u021bi"},"content":{"rendered":"<p>Acest grup include voluntarii care s-au \u00eenscris \u00een organiza\u021bie, dar care nu au fost \u00eenc\u0103 aproba\u021bi oficial de c\u0103tre echipa de coordonare sau de c\u0103tre consiliul director.<br>Membrii din aceast\u0103 categorie nu au \u00eenc\u0103 acces la proiecte active \u0219i nu pot \u00eenregistra ore de voluntariat p\u00e2n\u0103 la finalizarea procesului de validare.<\/p>\n\n\n\n<p>Procesul de aprobare presupune:<\/p>\n\n\n\n<ul class=\"wp-block-list\">\n<li>Verificarea complet\u0103rii contractului de voluntariat<\/li>\n\n\n\n<li>Confirmarea pl\u0103\u021bii cotiza\u021biei anuale (dac\u0103 este cazul)<\/li>\n\n\n\n<li>Validarea datelor de contact \u0219i a motiva\u021biei pentru implicare<\/li>\n<\/ul>\n\n\n\n<p>Dup\u0103 aprobarea statutului, voluntarii vor fi muta\u021bi automat \u00een grupul <strong>Voluntari activi<\/strong>, de unde vor putea participa la proiecte, primi sarcini \u0219i raporta orele efectuate.<\/p>\n\n\n\n<p><\/p>","protected":false},"excerpt":{"rendered":"<p>Acest grup include voluntarii care s-au \u00eenscris \u00een organiza\u021bie, dar care nu au fost \u00eenc\u0103 aproba\u021bi oficial de c\u0103tre echipa de coordonare sau de c\u0103tre consiliul director.Membrii din aceast\u0103 categorie nu au \u00eenc\u0103 acces la proiecte active \u0219i nu pot \u00eenregistra ore de voluntariat p\u00e2n\u0103 la finalizarea procesului de validare. Procesul de aprobare presupune: Dup\u0103 [&hellip;]<\/p>\n","protected":false},"author":1,"featured_media":0,"parent":0,"menu_order":0,"comment_status":"closed","ping_status":"closed","template":"","meta":{"ocean_post_layout":"","ocean_both_sidebars_style":"","ocean_both_sidebars_content_width":0,"ocean_both_sidebars_sidebars_width":0,"ocean_sidebar":"","ocean_second_sidebar":"","ocean_disable_margins":"enable","ocean_add_body_class":"","ocean_shortcode_before_top_bar":"","ocean_shortcode_after_top_bar":"","ocean_shortcode_before_header":"","ocean_shortcode_after_header":"","ocean_has_shortcode":"","ocean_shortcode_after_title":"","ocean_shortcode_before_footer_widgets":"","ocean_shortcode_after_footer_widgets":"","ocean_shortcode_before_footer_bottom":"","ocean_shortcode_after_footer_bottom":"","ocean_display_top_bar":"default","ocean_display_header":"default","ocean_header_style":"","ocean_center_header_left_menu":"","ocean_custom_header_template":"","ocean_custom_logo":0,"ocean_custom_retina_logo":0,"ocean_custom_logo_max_width":0,"ocean_custom_logo_tablet_max_width":0,"ocean_custom_logo_mobile_max_width":0,"ocean_custom_logo_max_height":0,"ocean_custom_logo_tablet_max_height":0,"ocean_custom_logo_mobile_max_height":0,"ocean_header_custom_menu":"","ocean_menu_typo_font_family":"","ocean_menu_typo_font_subset":"","ocean_menu_typo_font_size":0,"ocean_menu_typo_font_size_tablet":0,"ocean_menu_typo_font_size_mobile":0,"ocean_menu_typo_font_size_unit":"px","ocean_menu_typo_font_weight":"","ocean_menu_typo_font_weight_tablet":"","ocean_menu_typo_font_weight_mobile":"","ocean_menu_typo_transform":"","ocean_menu_typo_transform_tablet":"","ocean_menu_typo_transform_mobile":"","ocean_menu_typo_line_height":0,"ocean_menu_typo_line_height_tablet":0,"ocean_menu_typo_line_height_mobile":0,"ocean_menu_typo_line_height_unit":"","ocean_menu_typo_spacing":0,"ocean_menu_typo_spacing_tablet":0,"ocean_menu_typo_spacing_mobile":0,"ocean_menu_typo_spacing_unit":"","ocean_menu_link_color":"","ocean_menu_link_color_hover":"","ocean_menu_link_color_active":"","ocean_menu_link_background":"","ocean_menu_link_hover_background":"","ocean_menu_link_active_background":"","ocean_menu_social_links_bg":"","ocean_menu_social_hover_links_bg":"","ocean_menu_social_links_color":"","ocean_menu_social_hover_links_color":"","ocean_disable_title":"default","ocean_disable_heading":"default","ocean_post_title":"","ocean_post_subheading":"","ocean_post_title_style":"","ocean_post_title_background_color":"","ocean_post_title_background":0,"ocean_post_title_bg_image_position":"","ocean_post_title_bg_image_attachment":"","ocean_post_title_bg_image_repeat":"","ocean_post_title_bg_image_size":"","ocean_post_title_height":0,"ocean_post_title_bg_overlay":0.5,"ocean_post_title_bg_overlay_color":"","ocean_disable_breadcrumbs":"default","ocean_breadcrumbs_color":"","ocean_breadcrumbs_separator_color":"","ocean_breadcrumbs_links_color":"","ocean_breadcrumbs_links_hover_color":"","ocean_display_footer_widgets":"default","ocean_display_footer_bottom":"default","ocean_custom_footer_template":"","omw_enable_modal_window":"enable","ofc_meta_disable_footer_callout":"","ofc_meta_callout_button_url":"","ofc_meta_callout_button_txt":"","ofc_meta_callout_text":"","ofc_enable_fullscreen":"disable","ofc_fullscreen_speed":0,"ofc_fullscreen_nav":"enable","ofc_fullscreen_nav_pos":"right","ofc_fullscreen_nav_color":"","ofc_fullscreen_nav_tooltip_color":"","ofc_fullscreen_responsive":0,"osp_disable_panel":"default","osh_disable_topbar_sticky":"default","osh_disable_header_sticky":"default","osh_sticky_header_style":"default","osh_sticky_header_effect":"","osh_custom_sticky_logo":0,"osh_custom_retina_sticky_logo":0,"osh_custom_sticky_logo_height":0,"osh_background_color":"","osh_links_color":"","osh_links_hover_color":"","osh_links_active_color":"","osh_links_bg_color":"","osh_links_hover_bg_color":"","osh_links_active_bg_color":"","osh_menu_social_links_color":"","osh_menu_social_hover_links_color":"","footnotes":""},"class_list":["post-26298","page","type-page","status-publish","hentry","entry","owp-thumbs-layout-horizontal","owp-btn-normal","owp-tabs-layout-horizontal","has-no-thumbnails","has-product-nav"],"_links":{"self":[{"href":"https:\/\/ssmc.ro\/en\/wp-json\/wp\/v2\/pages\/26298","targetHints":{"allow":["GET"]}}],"collection":[{"href":"https:\/\/ssmc.ro\/en\/wp-json\/wp\/v2\/pages"}],"about":[{"href":"https:\/\/ssmc.ro\/en\/wp-json\/wp\/v2\/types\/page"}],"author":[{"embeddable":true,"href":"https:\/\/ssmc.ro\/en\/wp-json\/wp\/v2\/users\/1"}],"replies":[{"embeddable":true,"href":"https:\/\/ssmc.ro\/en\/wp-json\/wp\/v2\/comments?post=26298"}],"version-history":[{"count":1,"href":"https:\/\/ssmc.ro\/en\/wp-json\/wp\/v2\/pages\/26298\/revisions"}],"predecessor-version":[{"id":26299,"href":"https:\/\/ssmc.ro\/en\/wp-json\/wp\/v2\/pages\/26298\/revisions\/26299"}],"wp:attachment":[{"href":"https:\/\/ssmc.ro\/en\/wp-json\/wp\/v2\/media?parent=26298"}],"curies":[{"name":"wp","href":"https:\/\/api.w.org\/{rel}","templated":true}]}}